{"id":20044,"date":"2024-12-09T15:22:38","date_gmt":"2024-12-09T15:22:38","guid":{"rendered":"https:\/\/www.gadira.com\/certificado-de-calidad-gadira\/"},"modified":"2025-03-24T08:47:15","modified_gmt":"2025-03-24T08:47:15","slug":"gadiras-quality-certificate","status":"publish","type":"page","link":"https:\/\/www.gadira.com\/en\/gadiras-quality-certificate\/","title":{"rendered":"Gadira&#8217;s Quality Certificate"},"content":{"rendered":"<p>[vc_row css_animation=&#8221;&#8221; row_type=&#8221;row&#8221; use_row_as_full_screen_section=&#8221;no&#8221; type=&#8221;grid&#8221; angled_section=&#8221;no&#8221; text_align=&#8221;left&#8221; background_image=&#8221;19905&#8243; background_image_as_pattern=&#8221;without_pattern&#8221; padding_top=&#8221;20&#8243; z_index=&#8221;&#8221; el_class=&#8221;theTitle&#8221; css=&#8221;.vc_custom_1741941384938{background-image: url(https:\/\/www.gadira.com\/wp-content\/uploads\/Lomo-overlay.jpg?id=20039) !important;}&#8221;][vc_column][vc_column_text]<\/p>\n<h1>Request your Gadira&#8217;s Quality Certificate<\/h1>\n<p>[\/vc_column_text][\/vc_column][\/vc_row][vc_row css_animation=&#8221;&#8221; row_type=&#8221;row&#8221; use_row_as_full_screen_section=&#8221;no&#8221; type=&#8221;full_width&#8221; angled_section=&#8221;no&#8221; text_align=&#8221;left&#8221; background_image_as_pattern=&#8221;without_pattern&#8221;][vc_column][vc_empty_space height=&#8221;10px&#8221;][\/vc_column][\/vc_row][vc_row css_animation=&#8221;&#8221; row_type=&#8221;row&#8221; use_row_as_full_screen_section=&#8221;no&#8221; type=&#8221;grid&#8221; angled_section=&#8221;no&#8221; text_align=&#8221;left&#8221; background_image_as_pattern=&#8221;without_pattern&#8221; z_index=&#8221;&#8221;][vc_column width=&#8221;1\/6&#8243;][\/vc_column][vc_column width=&#8221;2\/3&#8243;][vc_column_text el_class=&#8221;h2mid&#8221;]<\/p>\n<h2 style=\"text-align: center;\">At Gadira, we strive to offer the best tuna, meeting high standards of quality and sustainability.<\/h2>\n<p>[\/vc_column_text][vc_empty_space height=&#8221;30px&#8221;][vc_column_text]<\/p>\n<p style=\"text-align: center;\">Our Certificate of Quality confirms all the important details: from how and when the tuna is caught to how it&#8217;s preserved and its quality verified. We want you to feel confident knowing the tuna we serve is the best.<\/p>\n<p>&nbsp;<\/p>\n<p style=\"text-align: center;\"><strong>Request your Gadira&#8217;s Quality Certificate<\/strong><\/p>\n<p>[\/vc_column_text][\/vc_column][vc_column width=&#8221;1\/6&#8243;][\/vc_column][\/vc_row][vc_row css_animation=&#8221;&#8221; row_type=&#8221;row&#8221; use_row_as_full_screen_section=&#8221;no&#8221; type=&#8221;grid&#8221; angled_section=&#8221;no&#8221; text_align=&#8221;left&#8221; background_image_as_pattern=&#8221;without_pattern&#8221; z_index=&#8221;&#8221; el_class=&#8221;botonesCentrados&#8221;][vc_column width=&#8221;1\/3&#8243;][\/vc_column][vc_column width=&#8221;1\/3&#8243;][vc_row_inner row_type=&#8221;row&#8221; type=&#8221;full_width&#8221; text_align=&#8221;left&#8221; css_animation=&#8221;&#8221;][vc_column_inner width=&#8221;1\/2&#8243;]<a  itemprop=\"url\" href=\"#soy-cliente\" target=\"_self\"  class=\"qbutton  center default\" style=\"\">I'm already a client<\/a>[vc_empty_space height=&#8221;10px&#8221;][\/vc_column_inner][vc_column_inner width=&#8221;1\/2&#8243;]<a  itemprop=\"url\" href=\"https:\/\/www.gadira.com\/en\/become-a-client\/\" target=\"_self\"  class=\"qbutton  center default\" style=\"\">I'm not a client yet<\/a>[\/vc_column_inner][\/vc_row_inner][\/vc_column][vc_column width=&#8221;1\/3&#8243;][\/vc_column][\/vc_row][vc_row css_animation=&#8221;&#8221; row_type=&#8221;row&#8221; use_row_as_full_screen_section=&#8221;no&#8221; type=&#8221;full_width&#8221; angled_section=&#8221;no&#8221; text_align=&#8221;left&#8221; background_image_as_pattern=&#8221;without_pattern&#8221;][vc_column][vc_empty_space height=&#8221;10px&#8221;][\/vc_column][\/vc_row][vc_row css_animation=&#8221;&#8221; row_type=&#8221;row&#8221; use_row_as_full_screen_section=&#8221;no&#8221; type=&#8221;grid&#8221; angled_section=&#8221;no&#8221; text_align=&#8221;left&#8221; background_image_as_pattern=&#8221;without_pattern&#8221; z_index=&#8221;&#8221; el_class=&#8221;textoImagen ordenar&#8221;][vc_column width=&#8221;1\/2&#8243; css=&#8221;.vc_custom_1733738962372{background-color: #f5f5f7 !important;}&#8221; el_class=&#8221;order1&#8243;][vc_column_text el_class=&#8221;bigText&#8221;]Using our Certificate of Quality in your restaurant helps you tell the story of every tuna dish you make.[\/vc_column_text][vc_column_text]This detail not only enhances the experience you offer, but also strengthens your customers&#8217; trust in your kitchen, demonstrating your commitment to quality and sustainability.[\/vc_column_text][\/vc_column][vc_column width=&#8221;1\/2&#8243; el_class=&#8221;order0&#8243;][vc_single_image image=&#8221;20035&#8243; img_size=&#8221;full&#8221; alignment=&#8221;center&#8221; qode_css_animation=&#8221;&#8221;][\/vc_column][\/vc_row][vc_row css_animation=&#8221;&#8221; row_type=&#8221;row&#8221; use_row_as_full_screen_section=&#8221;no&#8221; type=&#8221;grid&#8221; angled_section=&#8221;no&#8221; text_align=&#8221;left&#8221; background_image_as_pattern=&#8221;without_pattern&#8221; z_index=&#8221;&#8221; el_class=&#8221;textoImagen&#8221;][vc_column width=&#8221;1\/2&#8243; el_class=&#8221;order0&#8243;][vc_single_image image=&#8221;20037&#8243; img_size=&#8221;full&#8221; qode_css_animation=&#8221;&#8221;][\/vc_column][vc_column width=&#8221;1\/2&#8243; css=&#8221;.vc_custom_1733738968059{background-color: #f5f5f7 !important;}&#8221; el_class=&#8221;order1&#8243;][vc_column_text el_class=&#8221;bigText&#8221;]Leading names in gastronomy, such as El Campero and Dani Garc\u00eda&#8217;s restaurants, are already taking advantage of our certification to highlight the superior quality of their dishes.[\/vc_column_text][vc_column_text]It&#8217;s proof of how a small detail can greatly enrich culinary perception and experience.[\/vc_column_text][\/vc_column][\/vc_row][vc_row css_animation=&#8221;&#8221; row_type=&#8221;row&#8221; use_row_as_full_screen_section=&#8221;no&#8221; type=&#8221;full_width&#8221; angled_section=&#8221;no&#8221; text_align=&#8221;left&#8221; background_image_as_pattern=&#8221;without_pattern&#8221;][vc_column][vc_empty_space height=&#8221;10px&#8221;][\/vc_column][\/vc_row][vc_row css_animation=&#8221;&#8221; row_type=&#8221;row&#8221; use_row_as_full_screen_section=&#8221;no&#8221; type=&#8221;grid&#8221; angled_section=&#8221;no&#8221; text_align=&#8221;left&#8221; background_image_as_pattern=&#8221;without_pattern&#8221; z_index=&#8221;&#8221;][vc_column width=&#8221;1\/4&#8243;][\/vc_column][vc_column width=&#8221;1\/2&#8243;][vc_column_text]<\/p>\n<h2 style=\"text-align: center;\">Certify the quality of your restaurant&#8217;s tuna dishes with one simple step<\/h2>\n<p>[\/vc_column_text][\/vc_column][vc_column width=&#8221;1\/4&#8243;][\/vc_column][\/vc_row][vc_row css_animation=&#8221;&#8221; row_type=&#8221;row&#8221; use_row_as_full_screen_section=&#8221;no&#8221; type=&#8221;full_width&#8221; angled_section=&#8221;no&#8221; text_align=&#8221;left&#8221; background_image_as_pattern=&#8221;without_pattern&#8221;][vc_column][vc_empty_space height=&#8221;10px&#8221;][\/vc_column][\/vc_row][vc_row css_animation=&#8221;&#8221; row_type=&#8221;row&#8221; use_row_as_full_screen_section=&#8221;no&#8221; type=&#8221;full_width&#8221; angled_section=&#8221;no&#8221; text_align=&#8221;left&#8221; background_image_as_pattern=&#8221;without_pattern&#8221; background_color=&#8221;#f5f5f7&#8243; z_index=&#8221;&#8221; el_id=&#8221;soy-cliente&#8221; css=&#8221;.vc_custom_1733745505811{padding-bottom: 0px !important;}&#8221;][vc_column][vc_row_inner row_type=&#8221;row&#8221; type=&#8221;grid&#8221; text_align=&#8221;left&#8221; css_animation=&#8221;&#8221;][vc_column_inner width=&#8221;1\/6&#8243;][\/vc_column_inner][vc_column_inner width=&#8221;2\/3&#8243;][vc_column_text]<\/p>\n<h2 style=\"text-align: center;\">Quality Certificate Application Form<\/h2>\n<p>[\/vc_column_text][vc_empty_space height=&#8221;10px&#8221;][vc_column_text el_class=&#8221;textoSeparador separadorPeque separadorFondoGris&#8221;]<\/p>\n<p style=\"text-align: center;\">Para clientes existentes<\/p>\n<p>[\/vc_column_text][vc_empty_space height=&#8221;10px&#8221;][vc_column_text]<\/p>\n<p style=\"text-align: center;\">If you&#8217;re ready to add this value to the dishes you already offer, fill out this form to request our Certificate of Quality. It&#8217;s a simple step that can make a big difference:<\/p>\n<p>[\/vc_column_text][\/vc_column_inner][vc_column_inner width=&#8221;1\/6&#8243;][\/vc_column_inner][\/vc_row_inner][vc_row_inner row_type=&#8221;row&#8221; type=&#8221;grid&#8221; text_align=&#8221;left&#8221; css_animation=&#8221;&#8221; el_class=&#8221;colorWhite&#8221;][vc_column_inner css=&#8221;.vc_custom_1733759261527{background-color: #233977 !important;border-radius: 5px !important;}&#8221;]\n<div class=\"wpcf7 no-js\" id=\"wpcf7-f20047-o1\" lang=\"es-ES\" dir=\"ltr\" data-wpcf7-id=\"20047\">\n<div class=\"screen-reader-response\"><p role=\"status\" aria-live=\"polite\" aria-atomic=\"true\"><\/p> <ul><\/ul><\/div>\n<form action=\"\/en\/wp-json\/wp\/v2\/pages\/20044#wpcf7-f20047-o1\" method=\"post\" class=\"wpcf7-form init default\" aria-label=\"Formulario de contacto\" novalidate=\"novalidate\" data-status=\"init\">\n<fieldset class=\"hidden-fields-container\"><input type=\"hidden\" name=\"_wpcf7\" value=\"20047\" \/><input type=\"hidden\" name=\"_wpcf7_version\" value=\"6.1.5\" \/><input type=\"hidden\" name=\"_wpcf7_locale\" value=\"es_ES\" \/><input type=\"hidden\" name=\"_wpcf7_unit_tag\" value=\"wpcf7-f20047-o1\" \/><input type=\"hidden\" name=\"_wpcf7_container_post\" value=\"0\" \/><input type=\"hidden\" name=\"_wpcf7_posted_data_hash\" value=\"\" \/>\n<\/fieldset>\n<div class=\"vc_col-sm-4\">\n\t<p><label>Name and surname*<\/label><span class=\"wpcf7-form-control-wrap\" data-name=\"Personadecontacto\"><input size=\"40\" maxlength=\"400\" class=\"wpcf7-form-control wpcf7-text wpcf7-validates-as-required\" aria-required=\"true\" aria-invalid=\"false\" placeholder=\"Name, surname\" value=\"\" type=\"text\" name=\"Personadecontacto\" \/><\/span>\n\t<\/p>\n<\/div>\n<div class=\"vc_col-sm-4\">\n\t<p><label>Nombre of commerce <\/label><span class=\"wpcf7-form-control-wrap\" data-name=\"Establecimiento\"><input size=\"40\" maxlength=\"400\" class=\"wpcf7-form-control wpcf7-text wpcf7-validates-as-required\" aria-required=\"true\" aria-invalid=\"false\" placeholder=\"Shop, restaurant, etc..\" value=\"\" type=\"text\" name=\"Establecimiento\" \/><\/span>\n\t<\/p>\n<\/div>\n<div class=\"vc_col-sm-4\">\n\t<p><label>Your Client Code <\/label><span class=\"wpcf7-form-control-wrap\" data-name=\"codigocliente\"><input size=\"40\" maxlength=\"400\" class=\"wpcf7-form-control wpcf7-text wpcf7-validates-as-required\" aria-required=\"true\" aria-invalid=\"false\" value=\"\" type=\"text\" name=\"codigocliente\" \/><\/span>\n\t<\/p>\n<\/div>\n<div class=\"vc_col-sm-4\">\n\t<p><label>E-mail<\/label><span class=\"wpcf7-form-control-wrap\" data-name=\"correo\"><input size=\"40\" maxlength=\"400\" class=\"wpcf7-form-control wpcf7-email wpcf7-validates-as-required wpcf7-text wpcf7-validates-as-email\" aria-required=\"true\" aria-invalid=\"false\" value=\"\" type=\"email\" name=\"correo\" \/><\/span>\n\t<\/p>\n<\/div>\n<div class=\"vc_col-sm-4\">\n\t<p><label>Phone<\/label><span class=\"wpcf7-form-control-wrap\" data-name=\"telefono\"><input size=\"12\" maxlength=\"400\" class=\"wpcf7-form-control wpcf7-tel wpcf7-validates-as-required wpcf7-text wpcf7-validates-as-tel\" aria-required=\"true\" aria-invalid=\"false\" value=\"\" type=\"tel\" name=\"telefono\" \/><\/span>\n\t<\/p>\n<\/div>\n<div class=\"vc_col-sm-4\">\n\t<p><label>Certificate shipping address*<\/label><span class=\"wpcf7-form-control-wrap\" data-name=\"direccion\"><input size=\"40\" maxlength=\"400\" class=\"wpcf7-form-control wpcf7-text wpcf7-validates-as-required\" aria-required=\"true\" aria-invalid=\"false\" value=\"\" type=\"text\" name=\"direccion\" \/><\/span>\n\t<\/p>\n<\/div>\n<div class=\"vc_col-sm-4\">\n\t<p>We'll send you all the details soon, both digitally and physically.\n\t<\/p>\n<\/div>\n<div class=\"vc_col-sm-12\">\n\t<p>Please insert the following characters: &nbsp;<input type=\"hidden\" name=\"_wpcf7_captcha_challenge_captcha-791\" value=\"1364975643\" \/><img loading=\"lazy\" decoding=\"async\" class=\"wpcf7-form-control wpcf7-captchac wpcf7-captcha-captcha-791\" width=\"72\" height=\"24\" alt=\"captcha\" src=\"https:\/\/www.gadira.com\/wp-content\/uploads\/wpcf7_captcha\/1364975643.png\" \/><br \/>\n<span class=\"wpcf7-form-control-wrap\" data-name=\"captcha-791\"><input size=\"40\" class=\"wpcf7-form-control wpcf7-captchar\" autocomplete=\"off\" aria-invalid=\"false\" value=\"\" type=\"text\" name=\"captcha-791\" \/><\/span>\n\t<\/p>\n<\/div>\n<div class=\"vc_col-sm-12\">\n\t<p style=\"font-size:10pt;\"><br \/>\nGDPR 2016\/679 and concordant Spanish regulations, the personal data you provide us will be processed by PRODUCTOS DE ALMADRABA, S.L. as the Data Controller. The purpose of collecting and processing your data is to provide you with the service you have requested, for which we are legitimized based on your consent. We may perform profiling, but we will not share the information except under legal obligation. The data you provide us is stored in our files and\/or servers. You can access, rectify, limit, request portability, and delete it at: tienda@productosdealmadraba.com. You have the right to file a complaint with the Spanish Data Protection Agency at: www.agpd.es. Please indicate whether you consent to this processing. If you consent, you may revoke your consent at: tienda@productosdealmadraba.com. In order to provide you with the best service, we would like to send you our publications, promotions, and resources that may be of interest to you.\n\t<\/p>\n\t<p><span class=\"wpcf7-form-control-wrap\" data-name=\"acceptance-419\"><span class=\"wpcf7-form-control wpcf7-acceptance optional\"><span class=\"wpcf7-list-item\"><label><input type=\"checkbox\" name=\"acceptance-419\" value=\"1\" aria-invalid=\"false\" \/><span class=\"wpcf7-list-item-label\">Please let us know if we can send you these publications electronically, by post, or by any other means. If you consent, you may revoke your consent at: tienda@productosdealmadraba.com<\/span><\/label><\/span><\/span><\/span>\n\t<\/p>\n\t<p><span class=\"wpcf7-form-control-wrap\" data-name=\"acceptance-116\"><span class=\"wpcf7-form-control wpcf7-acceptance\"><span class=\"wpcf7-list-item\"><input type=\"checkbox\" name=\"acceptance-116\" value=\"1\" aria-invalid=\"false\" \/><\/span><\/span><\/span> I have read and accept the <a href=\"http:\/\/www.gadira.com\/politica-de-privacidad\/\">conditions for the processing of personal data<\/a>.\n\t<\/p>\n<\/div>\n<div class=\"vc_col-sm-12 botonEnviar\">\n\t<p><input class=\"wpcf7-form-control wpcf7-submit has-spinner\" type=\"submit\" value=\"Send\" \/>\n\t<\/p>\n<\/div><div class=\"wpcf7-response-output\" aria-hidden=\"true\"><\/div>\n<\/form>\n<\/div>\n[\/vc_column_inner][\/vc_row_inner][vc_empty_space height=&#8221;50px&#8221;][\/vc_column][\/vc_row][vc_row css_animation=&#8221;&#8221; row_type=&#8221;row&#8221; use_row_as_full_screen_section=&#8221;no&#8221; type=&#8221;full_width&#8221; angled_section=&#8221;no&#8221; text_align=&#8221;left&#8221; background_image_as_pattern=&#8221;without_pattern&#8221;][vc_column][vc_empty_space height=&#8221;10px&#8221;][\/vc_column][\/vc_row][vc_row css_animation=&#8221;&#8221; row_type=&#8221;row&#8221; use_row_as_full_screen_section=&#8221;no&#8221; type=&#8221;full_width&#8221; angled_section=&#8221;no&#8221; text_align=&#8221;left&#8221; background_image_as_pattern=&#8221;without_pattern&#8221; z_index=&#8221;&#8221; el_id=&#8221;no-soy-cliente&#8221; css=&#8221;.vc_custom_1733745511480{padding-top: 0px !important;}&#8221;][vc_column][vc_row_inner row_type=&#8221;row&#8221; type=&#8221;grid&#8221; text_align=&#8221;left&#8221; css_animation=&#8221;&#8221;][vc_column_inner width=&#8221;1\/6&#8243;][\/vc_column_inner][vc_column_inner width=&#8221;2\/3&#8243;][vc_column_text]<\/p>\n<h2 style=\"text-align: center;\">Quality Certificate Application Form<\/h2>\n<p>[\/vc_column_text][vc_empty_space height=&#8221;10px&#8221;][vc_column_text el_class=&#8221;textoSeparador separadorPeque&#8221;]<\/p>\n<p style=\"text-align: center;\">Para nuevos clientes<\/p>\n<p>[\/vc_column_text][vc_empty_space height=&#8221;10px&#8221;][vc_column_text]<\/p>\n<p style=\"text-align: center;\">If you&#8217;re interested in adding our wild almadraba bluefin tuna to your restaurant&#8217;s offerings, we&#8217;d love to work with you. Simply fill out this form, and we&#8217;ll send you everything you need to begin this exciting journey. We&#8217;re here to support you and make your menu shine even more.<\/p>\n<p>[\/vc_column_text][\/vc_column_inner][vc_column_inner width=&#8221;1\/6&#8243;][\/vc_column_inner][\/vc_row_inner][vc_row_inner row_type=&#8221;row&#8221; type=&#8221;grid&#8221; text_align=&#8221;left&#8221; css_animation=&#8221;&#8221; el_class=&#8221;colorWhite&#8221;][vc_column_inner css=&#8221;.vc_custom_1733759269204{background-color: #233977 !important;border-radius: 5px !important;}&#8221;]\n<div class=\"wpcf7 no-js\" id=\"wpcf7-f19900-o2\" lang=\"es-ES\" dir=\"ltr\" data-wpcf7-id=\"19900\">\n<div class=\"screen-reader-response\"><p role=\"status\" aria-live=\"polite\" aria-atomic=\"true\"><\/p> <ul><\/ul><\/div>\n<form action=\"\/en\/wp-json\/wp\/v2\/pages\/20044#wpcf7-f19900-o2\" method=\"post\" class=\"wpcf7-form init default\" aria-label=\"Formulario de contacto\" novalidate=\"novalidate\" data-status=\"init\">\n<fieldset class=\"hidden-fields-container\"><input type=\"hidden\" name=\"_wpcf7\" value=\"19900\" \/><input type=\"hidden\" name=\"_wpcf7_version\" value=\"6.1.5\" \/><input type=\"hidden\" name=\"_wpcf7_locale\" value=\"es_ES\" \/><input type=\"hidden\" name=\"_wpcf7_unit_tag\" value=\"wpcf7-f19900-o2\" \/><input type=\"hidden\" name=\"_wpcf7_container_post\" value=\"0\" \/><input type=\"hidden\" name=\"_wpcf7_posted_data_hash\" value=\"\" \/>\n<\/fieldset>\n<div class=\"vc_col-sm-12\">\n\t<div class=\"vc_col-sm-4\">\n\t\t<p><label>Nombre y apellidos*<\/label><span class=\"wpcf7-form-control-wrap\" data-name=\"Personadecontacto\"><input size=\"40\" maxlength=\"400\" class=\"wpcf7-form-control wpcf7-text wpcf7-validates-as-required\" aria-required=\"true\" aria-invalid=\"false\" placeholder=\"Nombre, Apellido\" value=\"\" type=\"text\" name=\"Personadecontacto\" \/><\/span>\n\t\t<\/p>\n\t<\/div>\n\t<div class=\"vc_col-sm-4\">\n\t\t<p><label>Nombre del restaurante <\/label><span class=\"wpcf7-form-control-wrap\" data-name=\"Establecimiento\"><input size=\"40\" maxlength=\"400\" class=\"wpcf7-form-control wpcf7-text wpcf7-validates-as-required\" aria-required=\"true\" aria-invalid=\"false\" placeholder=\"tienda, restaurante, etc..\" value=\"\" type=\"text\" name=\"Establecimiento\" \/><\/span>\n\t\t<\/p>\n\t<\/div>\n\t<div class=\"vc_col-sm-4 columnaformvacia\">\n\t\t<p><label>&nbsp;<\/label>&nbsp;\n\t\t<\/p>\n\t<\/div>\n<\/div>\n<div class=\"vc_col-sm-12\">\n\t<div class=\"vc_col-sm-4\">\n\t\t<p><label>E-mail<\/label><span class=\"wpcf7-form-control-wrap\" data-name=\"correo\"><input size=\"40\" maxlength=\"400\" class=\"wpcf7-form-control wpcf7-email wpcf7-validates-as-required wpcf7-text wpcf7-validates-as-email\" aria-required=\"true\" aria-invalid=\"false\" value=\"\" type=\"email\" name=\"correo\" \/><\/span>\n\t\t<\/p>\n\t<\/div>\n\t<div class=\"vc_col-sm-4\">\n\t\t<p><label>Direcci\u00f3n de env\u00edo del cerrtificado*<\/label><span class=\"wpcf7-form-control-wrap\" data-name=\"direccion\"><input size=\"40\" maxlength=\"400\" class=\"wpcf7-form-control wpcf7-text wpcf7-validates-as-required\" aria-required=\"true\" aria-invalid=\"false\" value=\"\" type=\"text\" name=\"direccion\" \/><\/span>\n\t\t<\/p>\n\t<\/div>\n\t<div class=\"vc_col-sm-4\">\n\t\t<p><label>Tel\u00e9fono<\/label><span class=\"wpcf7-form-control-wrap\" data-name=\"telefono\"><input size=\"12\" maxlength=\"400\" class=\"wpcf7-form-control wpcf7-tel wpcf7-validates-as-required wpcf7-text wpcf7-validates-as-tel\" aria-required=\"true\" aria-invalid=\"false\" value=\"\" type=\"tel\" name=\"telefono\" \/><\/span>\n\t\t<\/p>\n\t<\/div>\n<\/div>\n<div class=\"vc_col-sm-12\">\n\t<div class=\"vc_col-sm-12\">\n\t\t<p>Le enviaremos pronto todos los detalles, tanto en digital como en f\u00edsico.\n\t\t<\/p>\n\t<\/div>\n\t<div class=\"vc_col-sm-12\">\n\t\t<p><input type=\"hidden\" name=\"_wpcf7_captcha_challenge_captcha-791\" value=\"3637852961\" \/><img loading=\"lazy\" decoding=\"async\" class=\"wpcf7-form-control wpcf7-captchac wpcf7-captcha-captcha-791\" width=\"72\" height=\"24\" alt=\"captcha\" src=\"https:\/\/www.gadira.com\/wp-content\/uploads\/wpcf7_captcha\/3637852961.png\" \/><br \/>\n<span class=\"wpcf7-form-control-wrap\" data-name=\"captcha-791\"><input size=\"40\" class=\"wpcf7-form-control wpcf7-captchar\" autocomplete=\"off\" aria-invalid=\"false\" value=\"\" type=\"text\" name=\"captcha-791\" \/><\/span>\n\t\t<\/p>\n\t<\/div>\n\t<div class=\"vc_col-sm-12\">\n\t\t<p style=\"font-size:10pt;\"><br \/>\nRGPD 2016\/679 y normativa espa\u00f1ola concordante, los datos de car\u00e1cter personal que nos proporciona ser\u00e1n tratados por PRODUCTOS DE ALMADRABA,S.L. como Responsable de Tratamiento. La finalidad de la recogida y tratamiento de los datos es prestarle el servicio que nos encomienda, para lo que estaremos legitimados en base a su consentimiento. Podr\u00edamos realizar an\u00e1lisis de perfiles, pero no cederemos la informaci\u00f3n salvo por obligaci\u00f3n legal. Los datos que nos facilita est\u00e1n ubicados en nuestros archivos y\/o servidores. Puede acceder, rectificar, limitar, solicitar portabilidad y suprimirlos en: tienda@productosdealmadraba.com. Tiene derecho a presentar una reclamaci\u00f3n ante la Agencia Espa\u00f1ola de Protecci\u00f3n de datos en: www.agpd.es - Ind\u00edquenos si consiente este tratamiento: En caso de consentir, podr\u00e1 revocar dicho consentimiento en: tienda@productosdealmadraba.com - Con la intenci\u00f3n de prestarles el mejor servicio, queremos enviarle nuestras publicaciones, promociones, y recursos que pueden resultar de su inter\u00e9s.\n\t\t<\/p>\n\t\t<p><span class=\"wpcf7-form-control-wrap\" data-name=\"acceptance-419\"><span class=\"wpcf7-form-control wpcf7-acceptance optional\"><span class=\"wpcf7-list-item\"><label><input type=\"checkbox\" name=\"acceptance-419\" value=\"1\" aria-invalid=\"false\" \/><span class=\"wpcf7-list-item-label\">Por favor, ind\u00edquenos si podremos enviarle dichas publicaciones v\u00eda electr\u00f3nica, postal o por cualquier otro medio: En caso de consentir, podr\u00e1 revocar dicho consentimiento en: tienda@productosdealmadraba.com<\/span><\/label><\/span><\/span><\/span>\n\t\t<\/p>\n\t\t<p><span class=\"wpcf7-form-control-wrap\" data-name=\"acceptance-116\"><span class=\"wpcf7-form-control wpcf7-acceptance\"><span class=\"wpcf7-list-item\"><input type=\"checkbox\" name=\"acceptance-116\" value=\"1\" aria-invalid=\"false\" \/><\/span><\/span><\/span>He le\u00eddo y acepto las <a href=\"http:\/\/www.gadira.com\/politica-de-privacidad\/\">condiciones de tratamiento de datos personales<\/a>.\n\t\t<\/p>\n\t<\/div>\n\t<div class=\"vc_col-sm-12 botonEnviar\">\n\t\t<p><input class=\"wpcf7-form-control wpcf7-submit has-spinner\" type=\"submit\" value=\"Registrarse para recibir el alta de cliente\" \/>\n\t\t<\/p>\n\t<\/div>\n<\/div><div class=\"wpcf7-response-output\" aria-hidden=\"true\"><\/div>\n<\/form>\n<\/div>\n[\/vc_column_inner][\/vc_row_inner][vc_empty_space height=&#8221;50px&#8221;][\/vc_column][\/vc_row]<\/p>\n","protected":false},"excerpt":{"rendered":"<p>[vc_row css_animation=&#8221;&#8221; row_type=&#8221;row&#8221; use_row_as_full_screen_section=&#8221;no&#8221; type=&#8221;grid&#8221; angled_section=&#8221;no&#8221; text_align=&#8221;left&#8221; background_image=&#8221;19905&#8243; background_image_as_pattern=&#8221;without_pattern&#8221; padding_top=&#8221;20&#8243; z_index=&#8221;&#8221; el_class=&#8221;theTitle&#8221; css=&#8221;.vc_custom_1741941384938{background-image: url(https:\/\/www.gadira.com\/wp-content\/uploads\/Lomo-overlay.jpg?id=20039) !important;}&#8221;][vc_column][vc_column_text] Request your Gadira&#8217;s Quality Certificate [\/vc_column_text][\/vc_column][\/vc_row][vc_row css_animation=&#8221;&#8221; row_type=&#8221;row&#8221; use_row_as_full_screen_section=&#8221;no&#8221; type=&#8221;full_width&#8221; angled_section=&#8221;no&#8221; text_align=&#8221;left&#8221; background_image_as_pattern=&#8221;without_pattern&#8221;][vc_column][vc_empty_space height=&#8221;10px&#8221;][\/vc_column][\/vc_row][vc_row css_animation=&#8221;&#8221; row_type=&#8221;row&#8221; use_row_as_full_screen_section=&#8221;no&#8221; type=&#8221;grid&#8221; angled_section=&#8221;no&#8221; text_align=&#8221;left&#8221; background_image_as_pattern=&#8221;without_pattern&#8221; z_index=&#8221;&#8221;][vc_column width=&#8221;1\/6&#8243;][\/vc_column][vc_column width=&#8221;2\/3&#8243;][vc_column_text el_class=&#8221;h2mid&#8221;] At Gadira, we strive to&#8230;<\/p>\n","protected":false},"author":8,"featured_media":19528,"parent":0,"menu_order":0,"comment_status":"open","ping_status":"closed","template":"full_width.php","meta":{"inline_featured_image":false,"footnotes":""},"class_list":["post-20044","page","type-page","status-publish","has-post-thumbnail","hentry"],"aioseo_notices":[],"_links":{"self":[{"href":"https:\/\/www.gadira.com\/en\/wp-json\/wp\/v2\/pages\/20044","targetHints":{"allow":["GET"]}}],"collection":[{"href":"https:\/\/www.gadira.com\/en\/wp-json\/wp\/v2\/pages"}],"about":[{"href":"https:\/\/www.gadira.com\/en\/wp-json\/wp\/v2\/types\/page"}],"author":[{"embeddable":true,"href":"https:\/\/www.gadira.com\/en\/wp-json\/wp\/v2\/users\/8"}],"replies":[{"embeddable":true,"href":"https:\/\/www.gadira.com\/en\/wp-json\/wp\/v2\/comments?post=20044"}],"version-history":[{"count":3,"href":"https:\/\/www.gadira.com\/en\/wp-json\/wp\/v2\/pages\/20044\/revisions"}],"predecessor-version":[{"id":20045,"href":"https:\/\/www.gadira.com\/en\/wp-json\/wp\/v2\/pages\/20044\/revisions\/20045"}],"wp:featuredmedia":[{"embeddable":true,"href":"https:\/\/www.gadira.com\/en\/wp-json\/wp\/v2\/media\/19528"}],"wp:attachment":[{"href":"https:\/\/www.gadira.com\/en\/wp-json\/wp\/v2\/media?parent=20044"}],"curies":[{"name":"wp","href":"https:\/\/api.w.org\/{rel}","templated":true}]}}